{"id":21,"date":"2017-08-27T11:17:49","date_gmt":"2017-08-27T11:17:49","guid":{"rendered":"http:\/\/km-frischdienst.de\/?page_id=21"},"modified":"2017-09-05T00:45:52","modified_gmt":"2017-09-04T22:45:52","slug":"herzlich-willkommen","status":"publish","type":"page","link":"https:\/\/km-frischdienst.de\/","title":{"rendered":"KM SUPERMARKT"},"content":{"rendered":"<h1>KM-SUPERMARKT , ihre Frischezentrum in Bad Kreuznach&#8230;<\/h1>\n<p><span style=\"font-size: 18px;\"><img decoding=\"async\" loading=\"lazy\" class=\"size-medium wp-image-49 alignleft\" src=\"http:\/\/km-frischdienst.de\/wp-content\/uploads\/2017\/08\/Fotolia_142142054_S-300x200.jpg\" alt=\"\" width=\"300\" height=\"200\" srcset=\"https:\/\/km-frischdienst.de\/wp-content\/uploads\/2017\/08\/Fotolia_142142054_S-300x200.jpg 300w, https:\/\/km-frischdienst.de\/wp-content\/uploads\/2017\/08\/Fotolia_142142054_S-768x511.jpg 768w, https:\/\/km-frischdienst.de\/wp-content\/uploads\/2017\/08\/Fotolia_142142054_S.jpg 849w\" sizes=\"(max-width: 300px) 100vw, 300px\" \/><\/span><span style=\"font-size: 18px;\">Unser neuer und <\/span><span style=\"font-size: 18px;\">moderner Supermarkt in der <a href=\"http:\/\/km-frischdienst.de\/?page_id=29\">Bosenheimer Str. 127a <\/a>bietet auf mehr als 500m\u00b2\u00a0 Verkaufsfl\u00e4che eine Auswahl von mehr als 3000 Produkten. Sie finden mehrheitlich s\u00fcdl\u00e4ndische Lebensmittel, frisches Obst und Gem\u00fcse, Fleischspezialit\u00e4ten <\/span><\/p>\n<h1><span style=\"font-size: 18px;\"><img decoding=\"async\" loading=\"lazy\" class=\"wp-image-50 size-medium alignright\" src=\"http:\/\/km-frischdienst.de\/wp-content\/uploads\/2017\/08\/Fotolia_115799857_S-300x198.jpg\" alt=\"\" width=\"300\" height=\"198\" srcset=\"https:\/\/km-frischdienst.de\/wp-content\/uploads\/2017\/08\/Fotolia_115799857_S-300x198.jpg 300w, https:\/\/km-frischdienst.de\/wp-content\/uploads\/2017\/08\/Fotolia_115799857_S-768x507.jpg 768w, https:\/\/km-frischdienst.de\/wp-content\/uploads\/2017\/08\/Fotolia_115799857_S.jpg 852w\" sizes=\"(max-width: 300px) 100vw, 300px\" \/><\/span><\/h1>\n<p><span style=\"font-size: 18px;\">aus eigener Herstellung sowie Fladenbrot und t\u00fcrkische Backspezialit\u00e4ten aus der hauseigenen B\u00e4ckerei.<\/span><\/p>\n<p>&nbsp;<\/p>\n","protected":false},"excerpt":{"rendered":"<p>KM-SUPERMARKT , ihre Frischezentrum in Bad Kreuznach&#8230; Unser neuer und moderner Supermarkt in der Bosenheimer Str. 127a bietet auf mehr als 500m\u00b2\u00a0 Verkaufsfl\u00e4che eine Auswahl von mehr als 3000 Produkten. Sie finden mehrheitlich s\u00fcdl\u00e4ndische Lebensmittel, frisches Obst und Gem\u00fcse, Fleischspezialit\u00e4ten aus eigener Herstellung sowie Fladenbrot und t\u00fcrkische Backspezialit\u00e4ten aus der hauseigenen B\u00e4ckerei. &nbsp;<\/p>\n","protected":false},"author":1,"featured_media":0,"parent":0,"menu_order":0,"comment_status":"closed","ping_status":"closed","template":"","meta":[],"_links":{"self":[{"href":"https:\/\/km-frischdienst.de\/index.php?rest_route=\/wp\/v2\/pages\/21"}],"collection":[{"href":"https:\/\/km-frischdienst.de\/index.php?rest_route=\/wp\/v2\/pages"}],"about":[{"href":"https:\/\/km-frischdienst.de\/index.php?rest_route=\/wp\/v2\/types\/page"}],"author":[{"embeddable":true,"href":"https:\/\/km-frischdienst.de\/index.php?rest_route=\/wp\/v2\/users\/1"}],"replies":[{"embeddable":true,"href":"https:\/\/km-frischdienst.de\/index.php?rest_route=%2Fwp%2Fv2%2Fcomments&post=21"}],"version-history":[{"count":21,"href":"https:\/\/km-frischdienst.de\/index.php?rest_route=\/wp\/v2\/pages\/21\/revisions"}],"predecessor-version":[{"id":116,"href":"https:\/\/km-frischdienst.de\/index.php?rest_route=\/wp\/v2\/pages\/21\/revisions\/116"}],"wp:attachment":[{"href":"https:\/\/km-frischdienst.de\/index.php?rest_route=%2Fwp%2Fv2%2Fmedia&parent=21"}],"curies":[{"name":"wp","href":"https:\/\/api.w.org\/{rel}","templated":true}]}}